{"id":204,"date":"2026-01-26T18:22:54","date_gmt":"2026-01-26T23:22:54","guid":{"rendered":"http:\/\/dev.prevel.com\/?page_id=204"},"modified":"2026-02-25T16:42:29","modified_gmt":"2026-02-25T21:42:29","slug":"style-de-vie","status":"publish","type":"page","link":"https:\/\/www.villagelaceygreen-prevel.ca\/fr\/style-de-vie\/","title":{"rendered":"Style de vie"},"content":{"rendered":"\n<h1>\n\t\t\t\u00c0 propos du style de vie\t<\/h1>\n\t<p>Tout invite \u00e0 vivre dehors, \u00e0 profiter des espaces partag\u00e9s, \u00e0 croiser les voisins. La nature n&rsquo;est jamais loin, les commerces de quartier non plus. Le Village Lacey Green offre un cadre de vie simple et vivant, o\u00f9 on respire mieux &#8211; au sens propre comme au figur\u00e9.<\/p>\n<h2>\n\t\t\tVivre dehors, respirer mieux, habiter autrement\t<\/h2>\n\t<p>Avec ses espaces verts, ses parcs distincts et sa piste cyclable, la nature se m\u00eale subtilement au quotidien du Village Lacey Green. Dans ce quartier convivial et bien connect\u00e9, chaque d\u00e9tail a \u00e9t\u00e9 con\u00e7u pour que vous vous sentiez instantan\u00e9ment chez vous.<\/p>\n<figure itemscope itemtype=\"https:\/\/schema.org\/ImageObject\">\n\t\t\t\t<img decoding=\"async\" src=\"https:\/\/www.villagelaceygreen-prevel.ca\/wp-content\/uploads\/2026\/01\/Bouger-icon.svg\" alt=\"Bouger icon\" height=\"63\" width=\"58\" title=\"Bouger icon\" onerror=\"this.style.display='none'\" loading=\"lazy\" \/>\n\t<\/figure>\n<h3>\n\t\t\tBouger au quotidien\t<\/h3>\n\tPistes cyclables, am\u00e9nagements<br \/>\npi\u00e9tons\n<figure itemscope itemtype=\"https:\/\/schema.org\/ImageObject\">\n\t\t\t\t<img decoding=\"async\" src=\"https:\/\/www.villagelaceygreen-prevel.ca\/wp-content\/uploads\/2026\/01\/Parcs-icon.svg\" alt=\"Parcs icon\" height=\"63\" width=\"60\" title=\"Parcs icon\" onerror=\"this.style.display='none'\" loading=\"lazy\" \/>\n\t<\/figure>\n<h3>\n\t\t\tCinq parcs distincts,<br \/>con\u00e7us pour tous\t<\/h3>\n\tJeux pour enfants, zones de d\u00e9tente,<br \/>\nespaces ouverts\n<figure itemscope itemtype=\"https:\/\/schema.org\/ImageObject\">\n\t\t\t\t<img decoding=\"async\" src=\"https:\/\/www.villagelaceygreen-prevel.ca\/wp-content\/uploads\/2026\/01\/Icone-E\u0301picerie.svg\" alt=\"Icone E\u0301picerie\" height=\"63\" width=\"63\" title=\"Icone E\u0301picerie\" onerror=\"this.style.display='none'\" loading=\"lazy\" \/>\n\t<\/figure>\n<h3>\n\t\t\tUn quartier vivant\t<\/h3>\n\tProximit\u00e9 des \u00e9coles, du futur REM,<br \/>\ndes commerces\n\n","protected":false},"excerpt":{"rendered":"<p>\u00c0 propos du style de vie Tout invite \u00e0 vivre dehors, \u00e0 profiter des espaces partag\u00e9s, \u00e0 croiser les voisins. [&hellip;]<\/p>\n","protected":false},"author":1,"featured_media":0,"parent":0,"menu_order":0,"comment_status":"closed","ping_status":"open","template":"","meta":{"inline_featured_image":false,"site-sidebar-layout":"no-sidebar","site-content-layout":"page-builder","ast-site-content-layout":"full-width-container","site-content-style":"unboxed","site-sidebar-style":"default","ast-global-header-display":"","ast-banner-title-visibility":"","ast-main-header-display":"","ast-hfb-above-header-display":"","ast-hfb-below-header-display":"","ast-hfb-mobile-header-display":"","site-post-title":"disabled","ast-breadcrumbs-content":"","ast-featured-img":"disabled","footer-sml-layout":"","ast-disable-related-posts":"","theme-transparent-header-meta":"default","adv-header-id-meta":"","stick-header-meta":"","header-above-stick-meta":"","header-main-stick-meta":"","header-below-stick-meta":"","astra-migrate-meta-layouts":"set","ast-page-background-enabled":"default","ast-page-background-meta":{"desktop":{"background-color":"var(--ast-global-color-5)","background-image":"","background-repeat":"repeat","background-position":"center center","background-size":"auto","background-attachment":"scroll","background-type":"","background-media":"","overlay-type":"","overlay-color":"","overlay-opacity":"","overlay-gradient":""},"tablet":{"background-color":"","background-image":"","background-repeat":"repeat","background-position":"center center","background-size":"auto","background-attachment":"scroll","background-type":"","background-media":"","overlay-type":"","overlay-color":"","overlay-opacity":"","overlay-gradient":""},"mobile":{"background-color":"","background-image":"","background-repeat":"repeat","background-position":"center center","background-size":"auto","background-attachment":"scroll","background-type":"","background-media":"","overlay-type":"","overlay-color":"","overlay-opacity":"","overlay-gradient":""}},"ast-content-background-meta":{"desktop":{"background-color":"var(--ast-global-color-4)","background-image":"","background-repeat":"repeat","background-position":"center center","background-size":"auto","background-attachment":"scroll","background-type":"","background-media":"","overlay-type":"","overlay-color":"","overlay-opacity":"","overlay-gradient":""},"tablet":{"background-color":"var(--ast-global-color-4)","background-image":"","background-repeat":"repeat","background-position":"center center","background-size":"auto","background-attachment":"scroll","background-type":"","background-media":"","overlay-type":"","overlay-color":"","overlay-opacity":"","overlay-gradient":""},"mobile":{"background-color":"var(--ast-global-color-4)","background-image":"","background-repeat":"repeat","background-position":"center center","background-size":"auto","background-attachment":"scroll","background-type":"","background-media":"","overlay-type":"","overlay-color":"","overlay-opacity":"","overlay-gradient":""}},"footnotes":""},"class_list":["post-204","page","type-page","status-publish","hentry"],"yoast_head":"<!-- This site is optimized with the Yoast SEO plugin v27.0 - https:\/\/yoast.com\/product\/yoast-seo-wordpress\/ -->\n<title>Style de vie \u00e0 Kirkland | Vivre dehors au Village Lacey Green<\/title>\n<meta name=\"description\" content=\"Profitez d\u2019un cadre de vie actif \u00e0 Kirkland : parcs, pistes cyclables et commerces au Village Lacey Green, projet r\u00e9sidentiel dans l&#039;ouest de l&#039;\u00eele de Montr\u00e9al.\" \/>\n<meta name=\"robots\" content=\"index, follow, max-snippet:-1, max-image-preview:large, max-video-preview:-1\" \/>\n<link rel=\"canonical\" href=\"https:\/\/www.villagelaceygreen-prevel.ca\/fr\/style-de-vie\/\" \/>\n<meta property=\"og:locale\" content=\"fr_FR\" \/>\n<meta property=\"og:type\" content=\"article\" \/>\n<meta property=\"og:title\" content=\"Style de vie \u00e0 Kirkland | Vivre dehors au Village Lacey Green\" \/>\n<meta property=\"og:description\" content=\"Profitez d\u2019un cadre de vie actif \u00e0 Kirkland : parcs, pistes cyclables et commerces au Village Lacey Green, projet r\u00e9sidentiel dans l&#039;ouest de l&#039;\u00eele de Montr\u00e9al.\" \/>\n<meta property=\"og:url\" content=\"https:\/\/www.villagelaceygreen-prevel.ca\/fr\/style-de-vie\/\" \/>\n<meta property=\"og:site_name\" content=\"Village Lacey Green\" \/>\n<meta property=\"article:modified_time\" content=\"2026-02-25T21:42:29+00:00\" \/>\n<meta property=\"og:image\" content=\"https:\/\/www.villagelaceygreen-prevel.ca\/wp-content\/uploads\/2026\/01\/Bouger-icon.svg\" \/>\n<meta name=\"twitter:card\" content=\"summary_large_image\" \/>\n<meta name=\"twitter:label1\" content=\"Dur\u00e9e de lecture estim\u00e9e\" \/>\n\t<meta name=\"twitter:data1\" content=\"2 minutes\" \/>\n<script type=\"application\/ld+json\" class=\"yoast-schema-graph\">{\"@context\":\"https:\/\/schema.org\",\"@graph\":[{\"@type\":\"WebPage\",\"@id\":\"https:\/\/www.villagelaceygreen-prevel.ca\/fr\/style-de-vie\/\",\"url\":\"https:\/\/www.villagelaceygreen-prevel.ca\/fr\/style-de-vie\/\",\"name\":\"Style de vie \u00e0 Kirkland | Vivre dehors au Village Lacey Green\",\"isPartOf\":{\"@id\":\"https:\/\/www.villagelaceygreen-prevel.ca\/fr\/#website\"},\"primaryImageOfPage\":{\"@id\":\"https:\/\/www.villagelaceygreen-prevel.ca\/fr\/style-de-vie\/#primaryimage\"},\"image\":{\"@id\":\"https:\/\/www.villagelaceygreen-prevel.ca\/fr\/style-de-vie\/#primaryimage\"},\"thumbnailUrl\":\"https:\/\/www.villagelaceygreen-prevel.ca\/wp-content\/uploads\/2026\/01\/Bouger-icon.svg\",\"datePublished\":\"2026-01-26T23:22:54+00:00\",\"dateModified\":\"2026-02-25T21:42:29+00:00\",\"description\":\"Profitez d\u2019un cadre de vie actif \u00e0 Kirkland : parcs, pistes cyclables et commerces au Village Lacey Green, projet r\u00e9sidentiel dans l'ouest de l'\u00eele de Montr\u00e9al.\",\"breadcrumb\":{\"@id\":\"https:\/\/www.villagelaceygreen-prevel.ca\/fr\/style-de-vie\/#breadcrumb\"},\"inLanguage\":\"fr-FR\",\"potentialAction\":[{\"@type\":\"ReadAction\",\"target\":[\"https:\/\/www.villagelaceygreen-prevel.ca\/fr\/style-de-vie\/\"]}]},{\"@type\":\"ImageObject\",\"inLanguage\":\"fr-FR\",\"@id\":\"https:\/\/www.villagelaceygreen-prevel.ca\/fr\/style-de-vie\/#primaryimage\",\"url\":\"https:\/\/www.villagelaceygreen-prevel.ca\/wp-content\/uploads\/2026\/01\/Bouger-icon.svg\",\"contentUrl\":\"https:\/\/www.villagelaceygreen-prevel.ca\/wp-content\/uploads\/2026\/01\/Bouger-icon.svg\"},{\"@type\":\"BreadcrumbList\",\"@id\":\"https:\/\/www.villagelaceygreen-prevel.ca\/fr\/style-de-vie\/#breadcrumb\",\"itemListElement\":[{\"@type\":\"ListItem\",\"position\":1,\"name\":\"Home\",\"item\":\"https:\/\/www.villagelaceygreen-prevel.ca\/fr\/\"},{\"@type\":\"ListItem\",\"position\":2,\"name\":\"Style de vie\"}]},{\"@type\":\"WebSite\",\"@id\":\"https:\/\/www.villagelaceygreen-prevel.ca\/fr\/#website\",\"url\":\"https:\/\/www.villagelaceygreen-prevel.ca\/fr\/\",\"name\":\"Village Lacey Green\",\"description\":\"\",\"potentialAction\":[{\"@type\":\"SearchAction\",\"target\":{\"@type\":\"EntryPoint\",\"urlTemplate\":\"https:\/\/www.villagelaceygreen-prevel.ca\/fr\/?s={search_term_string}\"},\"query-input\":{\"@type\":\"PropertyValueSpecification\",\"valueRequired\":true,\"valueName\":\"search_term_string\"}}],\"inLanguage\":\"fr-FR\"}]}<\/script>\n<!-- \/ Yoast SEO plugin. -->","yoast_head_json":{"title":"Style de vie \u00e0 Kirkland | Vivre dehors au Village Lacey Green","description":"Profitez d\u2019un cadre de vie actif \u00e0 Kirkland : parcs, pistes cyclables et commerces au Village Lacey Green, projet r\u00e9sidentiel dans l'ouest de l'\u00eele de Montr\u00e9al.","robots":{"index":"index","follow":"follow","max-snippet":"max-snippet:-1","max-image-preview":"max-image-preview:large","max-video-preview":"max-video-preview:-1"},"canonical":"https:\/\/www.villagelaceygreen-prevel.ca\/fr\/style-de-vie\/","og_locale":"fr_FR","og_type":"article","og_title":"Style de vie \u00e0 Kirkland | Vivre dehors au Village Lacey Green","og_description":"Profitez d\u2019un cadre de vie actif \u00e0 Kirkland : parcs, pistes cyclables et commerces au Village Lacey Green, projet r\u00e9sidentiel dans l'ouest de l'\u00eele de Montr\u00e9al.","og_url":"https:\/\/www.villagelaceygreen-prevel.ca\/fr\/style-de-vie\/","og_site_name":"Village Lacey Green","article_modified_time":"2026-02-25T21:42:29+00:00","og_image":[{"url":"https:\/\/www.villagelaceygreen-prevel.ca\/wp-content\/uploads\/2026\/01\/Bouger-icon.svg","type":"","width":"","height":""}],"twitter_card":"summary_large_image","twitter_misc":{"Dur\u00e9e de lecture estim\u00e9e":"2 minutes"},"schema":{"@context":"https:\/\/schema.org","@graph":[{"@type":"WebPage","@id":"https:\/\/www.villagelaceygreen-prevel.ca\/fr\/style-de-vie\/","url":"https:\/\/www.villagelaceygreen-prevel.ca\/fr\/style-de-vie\/","name":"Style de vie \u00e0 Kirkland | Vivre dehors au Village Lacey Green","isPartOf":{"@id":"https:\/\/www.villagelaceygreen-prevel.ca\/fr\/#website"},"primaryImageOfPage":{"@id":"https:\/\/www.villagelaceygreen-prevel.ca\/fr\/style-de-vie\/#primaryimage"},"image":{"@id":"https:\/\/www.villagelaceygreen-prevel.ca\/fr\/style-de-vie\/#primaryimage"},"thumbnailUrl":"https:\/\/www.villagelaceygreen-prevel.ca\/wp-content\/uploads\/2026\/01\/Bouger-icon.svg","datePublished":"2026-01-26T23:22:54+00:00","dateModified":"2026-02-25T21:42:29+00:00","description":"Profitez d\u2019un cadre de vie actif \u00e0 Kirkland : parcs, pistes cyclables et commerces au Village Lacey Green, projet r\u00e9sidentiel dans l'ouest de l'\u00eele de Montr\u00e9al.","breadcrumb":{"@id":"https:\/\/www.villagelaceygreen-prevel.ca\/fr\/style-de-vie\/#breadcrumb"},"inLanguage":"fr-FR","potentialAction":[{"@type":"ReadAction","target":["https:\/\/www.villagelaceygreen-prevel.ca\/fr\/style-de-vie\/"]}]},{"@type":"ImageObject","inLanguage":"fr-FR","@id":"https:\/\/www.villagelaceygreen-prevel.ca\/fr\/style-de-vie\/#primaryimage","url":"https:\/\/www.villagelaceygreen-prevel.ca\/wp-content\/uploads\/2026\/01\/Bouger-icon.svg","contentUrl":"https:\/\/www.villagelaceygreen-prevel.ca\/wp-content\/uploads\/2026\/01\/Bouger-icon.svg"},{"@type":"BreadcrumbList","@id":"https:\/\/www.villagelaceygreen-prevel.ca\/fr\/style-de-vie\/#breadcrumb","itemListElement":[{"@type":"ListItem","position":1,"name":"Home","item":"https:\/\/www.villagelaceygreen-prevel.ca\/fr\/"},{"@type":"ListItem","position":2,"name":"Style de vie"}]},{"@type":"WebSite","@id":"https:\/\/www.villagelaceygreen-prevel.ca\/fr\/#website","url":"https:\/\/www.villagelaceygreen-prevel.ca\/fr\/","name":"Village Lacey Green","description":"","potentialAction":[{"@type":"SearchAction","target":{"@type":"EntryPoint","urlTemplate":"https:\/\/www.villagelaceygreen-prevel.ca\/fr\/?s={search_term_string}"},"query-input":{"@type":"PropertyValueSpecification","valueRequired":true,"valueName":"search_term_string"}}],"inLanguage":"fr-FR"}]}},"_links":{"self":[{"href":"https:\/\/www.villagelaceygreen-prevel.ca\/fr\/wp-json\/wp\/v2\/pages\/204","targetHints":{"allow":["GET"]}}],"collection":[{"href":"https:\/\/www.villagelaceygreen-prevel.ca\/fr\/wp-json\/wp\/v2\/pages"}],"about":[{"href":"https:\/\/www.villagelaceygreen-prevel.ca\/fr\/wp-json\/wp\/v2\/types\/page"}],"author":[{"embeddable":true,"href":"https:\/\/www.villagelaceygreen-prevel.ca\/fr\/wp-json\/wp\/v2\/users\/1"}],"replies":[{"embeddable":true,"href":"https:\/\/www.villagelaceygreen-prevel.ca\/fr\/wp-json\/wp\/v2\/comments?post=204"}],"version-history":[{"count":0,"href":"https:\/\/www.villagelaceygreen-prevel.ca\/fr\/wp-json\/wp\/v2\/pages\/204\/revisions"}],"wp:attachment":[{"href":"https:\/\/www.villagelaceygreen-prevel.ca\/fr\/wp-json\/wp\/v2\/media?parent=204"}],"curies":[{"name":"wp","href":"https:\/\/api.w.org\/{rel}","templated":true}]}}