{"id":124,"date":"2026-01-26T16:18:09","date_gmt":"2026-01-26T21:18:09","guid":{"rendered":"http:\/\/dev.prevel.com\/?page_id=124"},"modified":"2026-02-25T11:34:41","modified_gmt":"2026-02-25T16:34:41","slug":"a-propos-du-projet","status":"publish","type":"page","link":"https:\/\/www.villagelaceygreen-prevel.ca\/fr\/a-propos-du-projet\/","title":{"rendered":"Le projet"},"content":{"rendered":"\n<h1>\n\t\t\t\u00c0 propos du projet\t<\/h1>\n\t<p>Le Village Lacey Green prend forme progressivement, une phase \u00e0 la fois, port\u00e9 par une intention ou vision simple : cr\u00e9er un milieu de vie o\u00f9 l&rsquo;on se sent naturellement \u00e0 sa place, aujourd&rsquo;hui comme pour les ann\u00e9es \u00e0 venir.<\/p>\n<h2>\n\t\t\tUn milieu de vie, mille fa\u00e7ons de s&rsquo;y installer\t<\/h2>\n\t<p>Ici, on habite \u00e0 sa fa\u00e7on, selon ses besoins, ses r\u00eaves et son moment de vie. Parce qu&rsquo;un vrai quartier, \u00e7a vit dans sa diversit\u00e9.<\/p>\n\t<ul>\n<li><a href=\"https:\/\/www.villagelaceygreen-prevel.ca\/fr\/terrains-pour-autoconstruction\/\">Terrains pour autoconstruction<\/a><\/li>\n<li><a href=\"https:\/\/www.villagelaceygreen-prevel.ca\/fr\/maisons-de-ville\/\">Maisons de ville<\/a><\/li>\n<li><a href=\"https:\/\/www.villagelaceygreen-prevel.ca\/fr\/appartements-locatifs\/\">Appartements locatifs<\/a><\/li>\n<li><a href=\"https:\/\/www.villagelaceygreen-prevel.ca\/fr\/condos\/\">Condos<\/a><\/li>\n<\/ul>\n<h2>\n\t\t\tLe quartier en quelques rep\u00e8res\t<\/h2>\n\t<p>Ici commence l&rsquo;histoire d&rsquo;un quartier \u00e0 \u00e9chelle humaine, appel\u00e9 \u00e0 \u00e9voluer naturellement, au fil du temps.<\/p>\n<figure itemscope itemtype=\"https:\/\/schema.org\/ImageObject\">\n\t\t\t\t<img decoding=\"async\" src=\"https:\/\/www.villagelaceygreen-prevel.ca\/wp-content\/uploads\/2026\/01\/Zone-icone.svg\" alt=\"Zone icone\" height=\"63\" width=\"63\" title=\"Zone icone\" onerror=\"this.style.display='none'\" loading=\"lazy\" \/>\n\t<\/figure>\n<h4>\n\t\t\tLe quartier s&rsquo;\u00e9tendra sur plus de\t<\/h4>\n<h4>\n\t\t\t143,862 m\u00b2 (1 548 518 pi\u00b2)\t<\/h4>\n<figure itemscope itemtype=\"https:\/\/schema.org\/ImageObject\">\n\t\t\t\t<img decoding=\"async\" src=\"https:\/\/www.villagelaceygreen-prevel.ca\/wp-content\/uploads\/2026\/01\/Parcelle-icone.svg\" alt=\"Parcelle icone\" height=\"63\" width=\"66\" title=\"Parcelle icone\" onerror=\"this.style.display='none'\" loading=\"lazy\" \/>\n\t<\/figure>\n<h4>\n\t\t\tParcelles destin\u00e9es \u00e0 l&rsquo;autoconstruction\t<\/h4>\n<h4>\n\t\t\t47\t<\/h4>\n<figure itemscope itemtype=\"https:\/\/schema.org\/ImageObject\">\n\t\t\t\t<img decoding=\"async\" src=\"https:\/\/www.villagelaceygreen-prevel.ca\/wp-content\/uploads\/2026\/01\/Superficie-icone.svg\" alt=\"Superficie icone\" height=\"63\" width=\"71\" title=\"Superficie icone\" onerror=\"this.style.display='none'\" loading=\"lazy\" \/>\n\t<\/figure>\n<h4>\n\t\t\tSuperficie d\u00e9di\u00e9e \u00e0 des parcs publics\t<\/h4>\n<h4>\n\t\t\t21 980 m\u00b2 (236 590 pi\u00b2)\t<\/h4>\n<figure itemscope itemtype=\"https:\/\/schema.org\/ImageObject\">\n\t\t\t\t<img decoding=\"async\" src=\"https:\/\/www.villagelaceygreen-prevel.ca\/wp-content\/uploads\/2026\/01\/Maison-de-ville-icon.svg\" alt=\"Maison de ville icon\" height=\"63\" width=\"76\" title=\"Maison de ville icon\" onerror=\"this.style.display='none'\" loading=\"lazy\" \/>\n\t<\/figure>\n<h4>\n\t\t\tMaisons de ville pr\u00e9vues\t<\/h4>\n<h4>\n\t\t\t111\t<\/h4>\n<figure itemscope itemtype=\"https:\/\/schema.org\/ImageObject\">\n\t\t\t\t<img decoding=\"async\" src=\"https:\/\/www.villagelaceygreen-prevel.ca\/wp-content\/uploads\/2026\/01\/Habitations-icone.svg\" alt=\"Habitations icone\" height=\"63\" width=\"81\" title=\"Habitations icone\" onerror=\"this.style.display='none'\" loading=\"lazy\" \/>\n\t<\/figure>\n<h4>\n\t\t\tNombre d&rsquo;habitations qui verront le jour\t<\/h4>\n<h4>\n\t\t\t\u00b1 1 100\t<\/h4>\n<figure itemscope itemtype=\"https:\/\/schema.org\/ImageObject\">\n\t\t\t\t<img decoding=\"async\" src=\"https:\/\/www.villagelaceygreen-prevel.ca\/wp-content\/uploads\/2026\/01\/Appartements.svg\" alt=\"Appartements\" height=\"62\" width=\"60\" title=\"Appartements\" onerror=\"this.style.display='none'\" loading=\"lazy\" \/>\n\t<\/figure>\n<h4>\n\t\t\tAppartements locatifs et condos\t<\/h4>\n<h4>\n\t\t\t\u00c0 venir\t<\/h4>\n<h2>\n\t\t\tUn projet \u00e9coresponsable, ancr\u00e9 dans son milieu\t<\/h2>\n\t<p>Le Village Lacey Green s&rsquo;inscrit dans un secteur TOD (transit-oriented development), \u00e0 deux pas d&rsquo;un r\u00e9seau de transport collectif structurant. Sa conception s&rsquo;inspire des meilleures pratiques en de\u0301veloppement durable et communautaire.<\/p>\n\t<p>Ici, le d\u00e9veloppement durable ne se limite pas \u00e0 des choix techniques : il s&rsquo;exprime aussi dans la fa\u00e7on dont le quartier s&rsquo;int\u00e8gre \u00e0 son environnement et favorise une qualit\u00e9 de vie \u00e9quilibr\u00e9e.<\/p>\n<figure itemscope itemtype=\"https:\/\/schema.org\/ImageObject\">\n\t\t\t\t<img decoding=\"async\" src=\"https:\/\/www.villagelaceygreen-prevel.ca\/wp-content\/uploads\/2026\/01\/Eau-environnement.svg\" alt=\"Eau environnement\" height=\"63\" width=\"55\" title=\"Eau environnement\" onerror=\"this.style.display='none'\" loading=\"lazy\" \/>\n\t<\/figure>\n\tConstruction durable et<br \/>\ngestion responsable des eaux\n<figure itemscope itemtype=\"https:\/\/schema.org\/ImageObject\">\n\t\t\t\t<img decoding=\"async\" src=\"https:\/\/www.villagelaceygreen-prevel.ca\/wp-content\/uploads\/2026\/01\/Verdure.svg\" alt=\"Verdure\" height=\"63\" width=\"62\" title=\"Verdure\" onerror=\"this.style.display='none'\" loading=\"lazy\" \/>\n\t<\/figure>\n\tPr\u00e9sence g\u00e9n\u00e9reuse de<br \/>\nverdure pour respirer au c\u0153ur<br \/>\ndu quartier\n<figure itemscope itemtype=\"https:\/\/schema.org\/ImageObject\">\n\t\t\t\t<img decoding=\"async\" src=\"https:\/\/www.villagelaceygreen-prevel.ca\/wp-content\/uploads\/2026\/01\/Hauteurs-icon.svg\" alt=\"Hauteurs icon\" height=\"63\" width=\"48\" title=\"Hauteurs icon\" onerror=\"this.style.display='none'\" loading=\"lazy\" \/>\n\t<\/figure>\n\tGradation des hauteurs pour<br \/>\nune int\u00e9gration harmonieuse\n<figure itemscope itemtype=\"https:\/\/schema.org\/ImageObject\">\n\t\t\t\t<img decoding=\"async\" src=\"https:\/\/www.villagelaceygreen-prevel.ca\/wp-content\/uploads\/2026\/01\/Electric-car-icon.svg\" alt=\"Electric car icon\" height=\"63\" width=\"71\" title=\"Electric car icon\" onerror=\"this.style.display='none'\" loading=\"lazy\" \/>\n\t<\/figure>\n\tEspaces de stationnement<br \/>\n\u00e9lectrifi\u00e9s\n\n","protected":false},"excerpt":{"rendered":"<p>\u00c0 propos du projet Le Village Lacey Green prend forme progressivement, une phase \u00e0 la fois, port\u00e9 par une intention [&hellip;]<\/p>\n","protected":false},"author":1,"featured_media":0,"parent":0,"menu_order":0,"comment_status":"closed","ping_status":"open","template":"","meta":{"inline_featured_image":false,"site-sidebar-layout":"no-sidebar","site-content-layout":"page-builder","ast-site-content-layout":"full-width-container","site-content-style":"unboxed","site-sidebar-style":"default","ast-global-header-display":"","ast-banner-title-visibility":"","ast-main-header-display":"","ast-hfb-above-header-display":"","ast-hfb-below-header-display":"","ast-hfb-mobile-header-display":"","site-post-title":"disabled","ast-breadcrumbs-content":"","ast-featured-img":"disabled","footer-sml-layout":"","ast-disable-related-posts":"","theme-transparent-header-meta":"default","adv-header-id-meta":"","stick-header-meta":"","header-above-stick-meta":"","header-main-stick-meta":"","header-below-stick-meta":"","astra-migrate-meta-layouts":"set","ast-page-background-enabled":"default","ast-page-background-meta":{"desktop":{"background-color":"var(--ast-global-color-5)","background-image":"","background-repeat":"repeat","background-position":"center center","background-size":"auto","background-attachment":"scroll","background-type":"","background-media":"","overlay-type":"","overlay-color":"","overlay-opacity":"","overlay-gradient":""},"tablet":{"background-color":"","background-image":"","background-repeat":"repeat","background-position":"center center","background-size":"auto","background-attachment":"scroll","background-type":"","background-media":"","overlay-type":"","overlay-color":"","overlay-opacity":"","overlay-gradient":""},"mobile":{"background-color":"","background-image":"","background-repeat":"repeat","background-position":"center center","background-size":"auto","background-attachment":"scroll","background-type":"","background-media":"","overlay-type":"","overlay-color":"","overlay-opacity":"","overlay-gradient":""}},"ast-content-background-meta":{"desktop":{"background-color":"var(--ast-global-color-4)","background-image":"","background-repeat":"repeat","background-position":"center center","background-size":"auto","background-attachment":"scroll","background-type":"","background-media":"","overlay-type":"","overlay-color":"","overlay-opacity":"","overlay-gradient":""},"tablet":{"background-color":"var(--ast-global-color-4)","background-image":"","background-repeat":"repeat","background-position":"center center","background-size":"auto","background-attachment":"scroll","background-type":"","background-media":"","overlay-type":"","overlay-color":"","overlay-opacity":"","overlay-gradient":""},"mobile":{"background-color":"var(--ast-global-color-4)","background-image":"","background-repeat":"repeat","background-position":"center center","background-size":"auto","background-attachment":"scroll","background-type":"","background-media":"","overlay-type":"","overlay-color":"","overlay-opacity":"","overlay-gradient":""}},"footnotes":""},"class_list":["post-124","page","type-page","status-publish","hentry"],"yoast_head":"<!-- This site is optimized with the Yoast SEO plugin v27.0 - https:\/\/yoast.com\/product\/yoast-seo-wordpress\/ -->\n<title>Projet Immobilier dans l&#039;ouest de l&#039;\u00eele de Montr\u00e9al | Village Lacey Green<\/title>\n<meta name=\"description\" content=\"D\u00e9couvrez le projet immobilier Village Lacey Green dans l&#039;ouest de l&#039;\u00eele de Montr\u00e9al \u00e0 Kirkland : condos, maisons de ville ou terrains \u00e0 Kirkland.\" \/>\n<meta name=\"robots\" content=\"index, follow, max-snippet:-1, max-image-preview:large, max-video-preview:-1\" \/>\n<link rel=\"canonical\" href=\"https:\/\/www.villagelaceygreen-prevel.ca\/fr\/a-propos-du-projet\/\" \/>\n<meta property=\"og:locale\" content=\"fr_FR\" \/>\n<meta property=\"og:type\" content=\"article\" \/>\n<meta property=\"og:title\" content=\"Projet Immobilier dans l&#039;ouest de l&#039;\u00eele de Montr\u00e9al | Village Lacey Green\" \/>\n<meta property=\"og:description\" content=\"D\u00e9couvrez le projet immobilier Village Lacey Green dans l&#039;ouest de l&#039;\u00eele de Montr\u00e9al \u00e0 Kirkland : condos, maisons de ville ou terrains \u00e0 Kirkland.\" \/>\n<meta property=\"og:url\" content=\"https:\/\/www.villagelaceygreen-prevel.ca\/fr\/a-propos-du-projet\/\" \/>\n<meta property=\"og:site_name\" content=\"Village Lacey Green\" \/>\n<meta property=\"article:modified_time\" content=\"2026-02-25T16:34:41+00:00\" \/>\n<meta property=\"og:image\" content=\"https:\/\/www.villagelaceygreen-prevel.ca\/wp-content\/uploads\/2026\/01\/Zone-icone.svg\" \/>\n<meta name=\"twitter:card\" content=\"summary_large_image\" \/>\n<meta name=\"twitter:label1\" content=\"Dur\u00e9e de lecture estim\u00e9e\" \/>\n\t<meta name=\"twitter:data1\" content=\"4 minutes\" \/>\n<script type=\"application\/ld+json\" class=\"yoast-schema-graph\">{\"@context\":\"https:\/\/schema.org\",\"@graph\":[{\"@type\":\"WebPage\",\"@id\":\"https:\/\/www.villagelaceygreen-prevel.ca\/fr\/a-propos-du-projet\/\",\"url\":\"https:\/\/www.villagelaceygreen-prevel.ca\/fr\/a-propos-du-projet\/\",\"name\":\"Projet Immobilier dans l'ouest de l'\u00eele de Montr\u00e9al | Village Lacey Green\",\"isPartOf\":{\"@id\":\"https:\/\/www.villagelaceygreen-prevel.ca\/fr\/#website\"},\"primaryImageOfPage\":{\"@id\":\"https:\/\/www.villagelaceygreen-prevel.ca\/fr\/a-propos-du-projet\/#primaryimage\"},\"image\":{\"@id\":\"https:\/\/www.villagelaceygreen-prevel.ca\/fr\/a-propos-du-projet\/#primaryimage\"},\"thumbnailUrl\":\"https:\/\/www.villagelaceygreen-prevel.ca\/wp-content\/uploads\/2026\/01\/Zone-icone.svg\",\"datePublished\":\"2026-01-26T21:18:09+00:00\",\"dateModified\":\"2026-02-25T16:34:41+00:00\",\"description\":\"D\u00e9couvrez le projet immobilier Village Lacey Green dans l'ouest de l'\u00eele de Montr\u00e9al \u00e0 Kirkland : condos, maisons de ville ou terrains \u00e0 Kirkland.\",\"breadcrumb\":{\"@id\":\"https:\/\/www.villagelaceygreen-prevel.ca\/fr\/a-propos-du-projet\/#breadcrumb\"},\"inLanguage\":\"fr-FR\",\"potentialAction\":[{\"@type\":\"ReadAction\",\"target\":[\"https:\/\/www.villagelaceygreen-prevel.ca\/fr\/a-propos-du-projet\/\"]}]},{\"@type\":\"ImageObject\",\"inLanguage\":\"fr-FR\",\"@id\":\"https:\/\/www.villagelaceygreen-prevel.ca\/fr\/a-propos-du-projet\/#primaryimage\",\"url\":\"https:\/\/www.villagelaceygreen-prevel.ca\/wp-content\/uploads\/2026\/01\/Zone-icone.svg\",\"contentUrl\":\"https:\/\/www.villagelaceygreen-prevel.ca\/wp-content\/uploads\/2026\/01\/Zone-icone.svg\"},{\"@type\":\"BreadcrumbList\",\"@id\":\"https:\/\/www.villagelaceygreen-prevel.ca\/fr\/a-propos-du-projet\/#breadcrumb\",\"itemListElement\":[{\"@type\":\"ListItem\",\"position\":1,\"name\":\"Home\",\"item\":\"https:\/\/www.villagelaceygreen-prevel.ca\/fr\/\"},{\"@type\":\"ListItem\",\"position\":2,\"name\":\"Le projet\"}]},{\"@type\":\"WebSite\",\"@id\":\"https:\/\/www.villagelaceygreen-prevel.ca\/fr\/#website\",\"url\":\"https:\/\/www.villagelaceygreen-prevel.ca\/fr\/\",\"name\":\"Village Lacey Green\",\"description\":\"\",\"potentialAction\":[{\"@type\":\"SearchAction\",\"target\":{\"@type\":\"EntryPoint\",\"urlTemplate\":\"https:\/\/www.villagelaceygreen-prevel.ca\/fr\/?s={search_term_string}\"},\"query-input\":{\"@type\":\"PropertyValueSpecification\",\"valueRequired\":true,\"valueName\":\"search_term_string\"}}],\"inLanguage\":\"fr-FR\"}]}<\/script>\n<!-- \/ Yoast SEO plugin. -->","yoast_head_json":{"title":"Projet Immobilier dans l'ouest de l'\u00eele de Montr\u00e9al | Village Lacey Green","description":"D\u00e9couvrez le projet immobilier Village Lacey Green dans l'ouest de l'\u00eele de Montr\u00e9al \u00e0 Kirkland : condos, maisons de ville ou terrains \u00e0 Kirkland.","robots":{"index":"index","follow":"follow","max-snippet":"max-snippet:-1","max-image-preview":"max-image-preview:large","max-video-preview":"max-video-preview:-1"},"canonical":"https:\/\/www.villagelaceygreen-prevel.ca\/fr\/a-propos-du-projet\/","og_locale":"fr_FR","og_type":"article","og_title":"Projet Immobilier dans l'ouest de l'\u00eele de Montr\u00e9al | Village Lacey Green","og_description":"D\u00e9couvrez le projet immobilier Village Lacey Green dans l'ouest de l'\u00eele de Montr\u00e9al \u00e0 Kirkland : condos, maisons de ville ou terrains \u00e0 Kirkland.","og_url":"https:\/\/www.villagelaceygreen-prevel.ca\/fr\/a-propos-du-projet\/","og_site_name":"Village Lacey Green","article_modified_time":"2026-02-25T16:34:41+00:00","og_image":[{"url":"https:\/\/www.villagelaceygreen-prevel.ca\/wp-content\/uploads\/2026\/01\/Zone-icone.svg","type":"","width":"","height":""}],"twitter_card":"summary_large_image","twitter_misc":{"Dur\u00e9e de lecture estim\u00e9e":"4 minutes"},"schema":{"@context":"https:\/\/schema.org","@graph":[{"@type":"WebPage","@id":"https:\/\/www.villagelaceygreen-prevel.ca\/fr\/a-propos-du-projet\/","url":"https:\/\/www.villagelaceygreen-prevel.ca\/fr\/a-propos-du-projet\/","name":"Projet Immobilier dans l'ouest de l'\u00eele de Montr\u00e9al | Village Lacey Green","isPartOf":{"@id":"https:\/\/www.villagelaceygreen-prevel.ca\/fr\/#website"},"primaryImageOfPage":{"@id":"https:\/\/www.villagelaceygreen-prevel.ca\/fr\/a-propos-du-projet\/#primaryimage"},"image":{"@id":"https:\/\/www.villagelaceygreen-prevel.ca\/fr\/a-propos-du-projet\/#primaryimage"},"thumbnailUrl":"https:\/\/www.villagelaceygreen-prevel.ca\/wp-content\/uploads\/2026\/01\/Zone-icone.svg","datePublished":"2026-01-26T21:18:09+00:00","dateModified":"2026-02-25T16:34:41+00:00","description":"D\u00e9couvrez le projet immobilier Village Lacey Green dans l'ouest de l'\u00eele de Montr\u00e9al \u00e0 Kirkland : condos, maisons de ville ou terrains \u00e0 Kirkland.","breadcrumb":{"@id":"https:\/\/www.villagelaceygreen-prevel.ca\/fr\/a-propos-du-projet\/#breadcrumb"},"inLanguage":"fr-FR","potentialAction":[{"@type":"ReadAction","target":["https:\/\/www.villagelaceygreen-prevel.ca\/fr\/a-propos-du-projet\/"]}]},{"@type":"ImageObject","inLanguage":"fr-FR","@id":"https:\/\/www.villagelaceygreen-prevel.ca\/fr\/a-propos-du-projet\/#primaryimage","url":"https:\/\/www.villagelaceygreen-prevel.ca\/wp-content\/uploads\/2026\/01\/Zone-icone.svg","contentUrl":"https:\/\/www.villagelaceygreen-prevel.ca\/wp-content\/uploads\/2026\/01\/Zone-icone.svg"},{"@type":"BreadcrumbList","@id":"https:\/\/www.villagelaceygreen-prevel.ca\/fr\/a-propos-du-projet\/#breadcrumb","itemListElement":[{"@type":"ListItem","position":1,"name":"Home","item":"https:\/\/www.villagelaceygreen-prevel.ca\/fr\/"},{"@type":"ListItem","position":2,"name":"Le projet"}]},{"@type":"WebSite","@id":"https:\/\/www.villagelaceygreen-prevel.ca\/fr\/#website","url":"https:\/\/www.villagelaceygreen-prevel.ca\/fr\/","name":"Village Lacey Green","description":"","potentialAction":[{"@type":"SearchAction","target":{"@type":"EntryPoint","urlTemplate":"https:\/\/www.villagelaceygreen-prevel.ca\/fr\/?s={search_term_string}"},"query-input":{"@type":"PropertyValueSpecification","valueRequired":true,"valueName":"search_term_string"}}],"inLanguage":"fr-FR"}]}},"_links":{"self":[{"href":"https:\/\/www.villagelaceygreen-prevel.ca\/fr\/wp-json\/wp\/v2\/pages\/124","targetHints":{"allow":["GET"]}}],"collection":[{"href":"https:\/\/www.villagelaceygreen-prevel.ca\/fr\/wp-json\/wp\/v2\/pages"}],"about":[{"href":"https:\/\/www.villagelaceygreen-prevel.ca\/fr\/wp-json\/wp\/v2\/types\/page"}],"author":[{"embeddable":true,"href":"https:\/\/www.villagelaceygreen-prevel.ca\/fr\/wp-json\/wp\/v2\/users\/1"}],"replies":[{"embeddable":true,"href":"https:\/\/www.villagelaceygreen-prevel.ca\/fr\/wp-json\/wp\/v2\/comments?post=124"}],"version-history":[{"count":0,"href":"https:\/\/www.villagelaceygreen-prevel.ca\/fr\/wp-json\/wp\/v2\/pages\/124\/revisions"}],"wp:attachment":[{"href":"https:\/\/www.villagelaceygreen-prevel.ca\/fr\/wp-json\/wp\/v2\/media?parent=124"}],"curies":[{"name":"wp","href":"https:\/\/api.w.org\/{rel}","templated":true}]}}