{"id":883,"date":"2026-02-10T15:37:47","date_gmt":"2026-02-10T20:37:47","guid":{"rendered":"http:\/\/dev.prevel.com\/privacy-policy\/"},"modified":"2026-02-12T15:07:33","modified_gmt":"2026-02-12T20:07:33","slug":"privacy-policy","status":"publish","type":"page","link":"https:\/\/www.villagelaceygreen-prevel.ca\/en\/privacy-policy\/","title":{"rendered":"Privacy Policy"},"content":{"rendered":"\n<h1>\n\t\t\tPrivacy Policy\t<\/h1>\n<h3>\n\t\t\tGroupe Pr\u00e9vel\t<\/h3>\n\t<p>Last update: <strong>13 septembre 2023<\/strong><\/p>\n<p>Groupe Pr\u00e9vel Inc. (&#8220;Pr\u00e9vel&#8221;, &#8220;we&#8221;, &#8220;us&#8221;, &#8220;our&#8221;) is committed to taking the necessary measures to comply with the principles and requirements of privacy and the protection of personal information under applicable privacy legislation. This Privacy Policy (the &#8220;Privacy Policy&#8221;) applies to the services offered by Pr\u00e9vel, by its subsidiaries and affiliates for which Prevel acts as project developer, and under the domain and subdomains of\u00a0<a href=\"https:\/\/www.prevel.ca\/\">https:\/\/www.prevel.ca<\/a>\u00a0(the &#8220;Site&#8221;).<\/p>\n<p>Your privacy is our primary concern. Our goal is to ensure the confidentiality and security of the personal information you provide to us and to protect this information in accordance with applicable privacy laws. This Privacy Policy explains our privacy and security practices. In this Privacy Policy, personal information means information that can identify an individual, directly or indirectly.<\/p>\n<p>By continuing to browse our Site, you are accepting and consenting to the practices described in the Privacy Policy. If you do not agree with this Privacy Policy, please do not use our Site.<\/p>\n<h3>Personal information collected and purposes<\/h3>\n<p>In the course of our business, we may collect personal information from you. We only collect personal information that is necessary to provide you with our various services. Wherever possible, we indicate both mandatory and optional fields.<\/p>\n<h4>We collect personal information about you:<\/h4>\n<ul>\n<li>When you contact us (by e-mail, telephone, mail, through our chat tool or in person), we may collect your name, e-mail address, address, telephone number, your language of communication, your buyer profile and product preference(s). This information enables us to provide the information, or services you have requested and to communicate with you regarding your request;<\/li>\n<li>When you subscribe to our newsletter or register for a promotional activity, we will collect your name, phone number and e-mail address in order to send you promotional e-mails about our activities and promotions that may be of interest to you. You may choose to change your preferences by following the &#8220;unsubscribe&#8221; link provided at the end of the e-mail or communication you receive. We use this information to provide information about current and future products and services or other developments concerning our business and our projects;<\/li>\n<li>When you respond to a survey initiated by Pr\u00e9vel (including through surveys conducted by us or on our behalf), we use the information collected to better understand how to improve our products and services, to develop and direct our business and operations, and to achieve other internal business objectives;<\/li>\n<li>When you show interest in one of our units, we collect the information necessary to process the transaction, including your name, current address, e-mail address, telephone number, photo identification, banking information and others;<\/li>\n<li>When you use our job application feature to apply for a job posted on our Site or one of its subdomains, or when you submit your application by e-mail, we will collect your name, e-mail address, telephone number and any other information you provide, including your employment history. We use this information to evaluate and respond to your application; and<\/li>\n<li>When you visit our Site, we automatically collect information about you using cookies. Cookies are pieces of information sent to your computer or other similar device you use to access the internet, for example a smartphone, tablet or other mobile device, when you visit a website, which store and sometimes track information about your use of the site. For more information, please see the section on Cookies and IP addresses below.<\/li>\n<\/ul>\n<p>Generally, personal information about you will be collected directly from you. However, we may collect personal information from third parties, to the extent permitted by law.<\/p>\n<p>We may also collect personal information in order to comply with applicable legal and regulatory requirements, or for other purposes permitted by law. We do not collect personal information for other purposes, except with the consent of the individual concerned.<\/p>\n<h3>How is your personal information used or disclosed?<\/h3>\n<p>Nous n&#8217;utilisons ou ne divulguons les renseignements personnels que dans la mesure o\u00f9 cela est raisonnablement n\u00e9cessaire pour faciliter les objectifs \u00e9num\u00e9r\u00e9s ci-dessus. Nous pouvons partager vos renseignements avec nos soci\u00e9t\u00e9s affili\u00e9es lorsque requis pour r\u00e9aliser ces objectifs.<\/p>\n<p>Vous avez le droit de refuser de recevoir des communications futures \u00e0 tout moment. Si vous souhaitez demander qu&#8217;aucun autre courriel ne vous soit envoy\u00e9, vous pouvez vous d\u00e9sabonner en suivant le lien appropri\u00e9 sur le site web ou en envoyant un courriel \u00e0\u00a0<a href=\"mailto:vieprivee@prevel.ca\">vieprivee@prevel.ca<\/a>.<\/p>\n<p>Dans certains cas, nous pouvons partager des renseignements personnels avec des prestataires de services tiers exer\u00e7ant des fonctions en notre nom, y compris des fournisseurs de services informatiques, services de gestion immobili\u00e8re, services l\u00e9gaux et ressources humaines, ou services d&#8217;analyse ou de marketing.<\/p>\n<p>Nous pouvons \u00e9galement divulguer vos renseignements dans le cadre d&#8217;une\u00a0transaction commerciale, en relation avec le financement, la titrisation, l&#8217;assurance, la vente, la cession ou toute autre disposition propos\u00e9e ou effective en tout ou partie de Pr\u00e9vel, ou de ses activit\u00e9s ou actifs, aux fins d&#8217;\u00e9valuer et\/ou d&#8217;ex\u00e9cuter la transaction propos\u00e9e. Les cessionnaires ou successeurs de Pr\u00e9vel, ou de ses activit\u00e9s ou actifs, peuvent utiliser et divulguer vos renseignements personnels \u00e0 des fins similaires \u00e0 celles d\u00e9crites dans la pr\u00e9sente Politique de confidentialit\u00e9.<\/p>\n<p>Enfin, vos renseignements peuvent \u00eatre divulgu\u00e9s si cela s&#8217;av\u00e8re n\u00e9cessaire pour satisfaire aux exigences l\u00e9gales, r\u00e9glementaires, ou autres exigences d&#8217;assurance, de v\u00e9rification et de s\u00e9curit\u00e9,\u00a0et autrement avec votre consentement, ou tel que permis ou requis par la loi (y compris tel que requis par les lois canadiennes et \u00e9trang\u00e8res applicables \u00e0 nous ou \u00e0 nos fournisseurs de services). Par cons\u00e9quent, en r\u00e9ponse \u00e0 une demande v\u00e9rifi\u00e9e des forces de l&#8217;ordre ou d&#8217;un repr\u00e9sentant du gouvernement concernant une enqu\u00eate criminelle ou une activit\u00e9 ill\u00e9gale pr\u00e9sum\u00e9e, nous pouvons (et vous nous autorisez \u00e0) divulguer votre nom, votre ville, votre province, votre num\u00e9ro de t\u00e9l\u00e9phone, votre adresse courriel et l&#8217;historique de vos commandes sans assignation \u00e0 compara\u00eetre.<\/p>\n<p>Nous ne vendons, ne louons ou n&#8217;\u00e9changeons pas vos renseignements personnels \u00e0 des tiers. Vos renseignements personnels ne sont distribu\u00e9s sans votre consentement que dans la mesure permise ou requise par la loi.<\/p>\n<h3>S\u00e9curit\u00e9 et conservation de vos renseignements personnels<\/h3>\n<p>We use or disclose personal information only as reasonably necessary to facilitate the purposes listed above. We may share your information with our affiliates when required to fulfill these purposes.<\/p>\n<p>You have the right to opt out of receiving future communications at any time. If you wish to request that no further emails be sent to you, you may unsubscribe by following the appropriate link on the Site or by sending an email to\u00a0<a href=\"mailto:vieprivee@prevel.ca\">vieprivee@prevel.ca<\/a>.<\/p>\n<p>In some cases, we may share personal information with third-party service providers performing functions on our behalf, including providers of IT services, property management services, legal and human resources services, or analytical or marketing services.<\/p>\n<p>We may also disclose your information as part of a business transaction, in connection with the proposed or actual financing, securitization, insuring, sale, assignment or other disposition in whole or in part of Pr\u00e9vel, or its business or assets, for the purposes of evaluating and\/or executing the proposed transaction. Assignees or successors of Pr\u00e9vel, or its business or assets, may use and disclose your personal information for purposes similar to those described in this Privacy Policy.<\/p>\n<p>Finally, your information may be disclosed as necessary to satisfy legal, regulatory, or other insurance, audit and security requirements, and otherwise with your consent, or as permitted or required by law (including as required by Canadian and foreign laws applicable to us or our service providers). Accordingly, in response to a verified request from law enforcement or government officials regarding a criminal investigation or suspected illegal activity, we may (and you authorize us to) disclose your name, city, province, telephone number, e-mail address and order history without a subpoena.<\/p>\n<p>We do not sell, rent or trade your personal information to third parties. Your personal information is distributed without your consent only as permitted or required by law<strong>.<\/strong><\/p>\n<h3>Hosting and transfer of personal information<\/h3>\n<p>We will store personal information on our internal servers or with service providers. Personal information collected about you may be stored and\/or processed outside of Quebec. Our service providers may store and process personal information outside of Quebec and Canada. Please note that the privacy laws of these jurisdictions differ from Canadian and Quebec privacy laws. We have taken appropriate technical, organizational and legal measures to secure such information. We ensure that our service providers comply with all applicable privacy laws, and implement contractual clauses imposing obligations on them. For more information about our data processing abroad, please contact our Privacy Officer (contact details provided below).<\/p>\n<h3>Cookies and IP addresses<\/h3>\n<p>Visitors to our website should also be aware that anonymous technical data may be collected during their visit to our Site. This may include the visitor&#8217;s IP address, browser type, operating system, domain name, access times and referring website addresses. We use this data to identify an individual, gather broad demographic information about website users, diagnose problems with our systems and administer the Site.<\/p>\n<p>We will not attempt to link or match this anonymous technical data with personally identifiable information, unless we (or our service providers) have obtained your consent or in accordance with applicable law.<\/p>\n<p>We also use Google Analytics to better understand who uses our site and how people use it.Google Analytics uses cookies to collect information such as pages of the site visited, the places where users click, the time spent on each page of the site, the Internet protocol address, the type of operating system used and your location. Please refer to the website\u00a0<a href=\"https:\/\/www.google.com\/policies\/privacy\/partners\" target=\"_blank\" rel=\"noopener\">http:\/\/www.google.com\/policies\/privacy\/partners<\/a>\u00a0to find out how Google Analytics uses this information. Google can track your activity over time and across different websites. This information is used to target ads and content that may be of interest to you, as well as to provide statistical information through features such as Google Analytics and Google Ads.<\/p>\n<p>Many web browsers allow you to manage your preferences. You can set your browser to refuse cookies or delete some of them. You may also be able to manage other tracking technologies in the same way. In some cases, tracking tools used by third-party service providers can be disabled. For example, Google allows you to deactivate cookies used to target ads by accessing the\u00a0<a href=\"https:\/\/tools.google.com\/dlpage\/gaoptout\" target=\"_blank\" rel=\"noopener\">deactivation page<\/a>\u00a0on its main site. Google Analytics can also be disabled, by downloading the browser add-on available for this purpose. You can also refuse the use of cookies by other third-party suppliers by logging on to the\u00a0<a href=\"https:\/\/thenai.org\/\" target=\"_blank\" rel=\"noopener\"><em>Network Advertising Initiative<\/em><\/a>&#8216;s consumer deactivation page.<\/p>\n<h3>Third-party websites<\/h3>\n<p>Our website may contain links to other third-party websites that may collect personal information. This policy does not include the privacy practices (or lack thereof) of such third parties. We cannot and will not assume responsibility for the policies, practices and actions of such third parties.<\/p>\n<h3>What are your rights regarding your personal information?<\/h3>\n<p>When you provide us with your personal information and\/or use our services, you consent to the collection, use and disclosure of your personal information by Pr\u00e9vel.<\/p>\n<p>We appreciate your help in keeping your personal information up to date and accurate. You have the right to access, verify, amend and correct your personal information collected by us. To review, verify, correct or update your personal information, we invite you to contact our Privacy Officer using the contact information provided at the end of this Privacy Policy. We may not accept a request to amend information if we believe that the amendment would violate a law or legal requirement or would result in incorrect information in our records.<\/p>\n<p>Before giving you access to your information, providing you with the personal information we hold about you, or making the changes you have requested, we may ask you for information to help us confirm your identity and your right to access that information.In some cases, applicable law may require us to refuse to provide you with access to some or all of the personal information we hold about you, or which we may have destroyed, erased or made anonymous in accordance with our legal obligations to retain records and best practices for the protection of personal information.<\/p>\n<p>In certain cases, you may refuse or withdraw your consent to the collection, use and disclosure of your personal information, or request the deletion of the personal information we hold about you, at any time upon reasonable notice, subject to any legal or contractual requirements.<\/p>\n<p>If we are unable to grant your request, we will inform you of the reasons, subject to any legal or regulatory restrictions.<\/p>\n<h3>Effective date and modification<\/h3>\n<p>This Policy, as amended from time to time, has been adopted by Pr\u00e9vel as of the last update date indicated above. We reserve the right to change this policy at any time. If we intend to use or disclose personal information for purposes materially different from those described in this Policy, we will make reasonable efforts to notify you, including by posting the revised Policy on our Site. Your continued provision of personal information or use of our Site following any changes to this Policy constitute your acceptance of such changes.<\/p>\n<h3>Contact us<\/h3>\n<p>If you have any questions or concerns about this Privacy Policy, or if you wish to file a complaint, please contact our Privacy Officer by email at\u00a0<a href=\"mailto:vieprivee@prevel.ca\">vieprivee@prevel.ca<\/a>.<\/p>\n<p>&nbsp;<\/p>\n\n","protected":false},"excerpt":{"rendered":"<p>Privacy Policy Groupe Pr\u00e9vel Last update: 13 septembre 2023 Groupe Pr\u00e9vel Inc. (&#8220;Pr\u00e9vel&#8221;, &#8220;we&#8221;, &#8220;us&#8221;, &#8220;our&#8221;) is committed to taking [&hellip;]<\/p>\n","protected":false},"author":1,"featured_media":0,"parent":0,"menu_order":0,"comment_status":"closed","ping_status":"closed","template":"","meta":{"inline_featured_image":false,"site-sidebar-layout":"no-sidebar","site-content-layout":"page-builder","ast-site-content-layout":"full-width-container","site-content-style":"unboxed","site-sidebar-style":"default","ast-global-header-display":"","ast-banner-title-visibility":"","ast-main-header-display":"","ast-hfb-above-header-display":"","ast-hfb-below-header-display":"","ast-hfb-mobile-header-display":"","site-post-title":"disabled","ast-breadcrumbs-content":"","ast-featured-img":"disabled","footer-sml-layout":"","ast-disable-related-posts":"","theme-transparent-header-meta":"default","adv-header-id-meta":"","stick-header-meta":"","header-above-stick-meta":"","header-main-stick-meta":"","header-below-stick-meta":"","astra-migrate-meta-layouts":"default","ast-page-background-enabled":"default","ast-page-background-meta":{"desktop":{"background-color":"var(--ast-global-color-5)","background-image":"","background-repeat":"repeat","background-position":"center center","background-size":"auto","background-attachment":"scroll","background-type":"","background-media":"","overlay-type":"","overlay-color":"","overlay-opacity":"","overlay-gradient":""},"tablet":{"background-color":"","background-image":"","background-repeat":"repeat","background-position":"center center","background-size":"auto","background-attachment":"scroll","background-type":"","background-media":"","overlay-type":"","overlay-color":"","overlay-opacity":"","overlay-gradient":""},"mobile":{"background-color":"","background-image":"","background-repeat":"repeat","background-position":"center center","background-size":"auto","background-attachment":"scroll","background-type":"","background-media":"","overlay-type":"","overlay-color":"","overlay-opacity":"","overlay-gradient":""}},"ast-content-background-meta":{"desktop":{"background-color":"var(--ast-global-color-4)","background-image":"","background-repeat":"repeat","background-position":"center center","background-size":"auto","background-attachment":"scroll","background-type":"","background-media":"","overlay-type":"","overlay-color":"","overlay-opacity":"","overlay-gradient":""},"tablet":{"background-color":"var(--ast-global-color-4)","background-image":"","background-repeat":"repeat","background-position":"center center","background-size":"auto","background-attachment":"scroll","background-type":"","background-media":"","overlay-type":"","overlay-color":"","overlay-opacity":"","overlay-gradient":""},"mobile":{"background-color":"var(--ast-global-color-4)","background-image":"","background-repeat":"repeat","background-position":"center center","background-size":"auto","background-attachment":"scroll","background-type":"","background-media":"","overlay-type":"","overlay-color":"","overlay-opacity":"","overlay-gradient":""}},"footnotes":""},"class_list":["post-883","page","type-page","status-publish","hentry"],"yoast_head":"<!-- This site is optimized with the Yoast SEO plugin v27.0 - https:\/\/yoast.com\/product\/yoast-seo-wordpress\/ -->\n<title>Privacy Policy - Village Lacey Green<\/title>\n<meta name=\"robots\" content=\"index, follow, max-snippet:-1, max-image-preview:large, max-video-preview:-1\" \/>\n<link rel=\"canonical\" href=\"https:\/\/www.villagelaceygreen-prevel.ca\/en\/privacy-policy\/\" \/>\n<meta property=\"og:locale\" content=\"en_US\" \/>\n<meta property=\"og:type\" content=\"article\" \/>\n<meta property=\"og:title\" content=\"Privacy Policy - Village Lacey Green\" \/>\n<meta property=\"og:description\" content=\"Privacy Policy Groupe Pr\u00e9vel Last update: 13 septembre 2023 Groupe Pr\u00e9vel Inc. (&#8220;Pr\u00e9vel&#8221;, &#8220;we&#8221;, &#8220;us&#8221;, &#8220;our&#8221;) is committed to taking [&hellip;]\" \/>\n<meta property=\"og:url\" content=\"https:\/\/www.villagelaceygreen-prevel.ca\/en\/privacy-policy\/\" \/>\n<meta property=\"og:site_name\" content=\"Village Lacey Green\" \/>\n<meta property=\"article:modified_time\" content=\"2026-02-12T20:07:33+00:00\" \/>\n<meta name=\"twitter:card\" content=\"summary_large_image\" \/>\n<meta name=\"twitter:label1\" content=\"Est. reading time\" \/>\n\t<meta name=\"twitter:data1\" content=\"11 minutes\" \/>\n<script type=\"application\/ld+json\" class=\"yoast-schema-graph\">{\"@context\":\"https:\/\/schema.org\",\"@graph\":[{\"@type\":\"WebPage\",\"@id\":\"https:\/\/www.villagelaceygreen-prevel.ca\/en\/privacy-policy\/\",\"url\":\"https:\/\/www.villagelaceygreen-prevel.ca\/en\/privacy-policy\/\",\"name\":\"Privacy Policy - Village Lacey Green\",\"isPartOf\":{\"@id\":\"https:\/\/www.villagelaceygreen-prevel.ca\/fr\/#website\"},\"datePublished\":\"2026-02-10T20:37:47+00:00\",\"dateModified\":\"2026-02-12T20:07:33+00:00\",\"breadcrumb\":{\"@id\":\"https:\/\/www.villagelaceygreen-prevel.ca\/en\/privacy-policy\/#breadcrumb\"},\"inLanguage\":\"en-US\",\"potentialAction\":[{\"@type\":\"ReadAction\",\"target\":[\"https:\/\/www.villagelaceygreen-prevel.ca\/en\/privacy-policy\/\"]}]},{\"@type\":\"BreadcrumbList\",\"@id\":\"https:\/\/www.villagelaceygreen-prevel.ca\/en\/privacy-policy\/#breadcrumb\",\"itemListElement\":[{\"@type\":\"ListItem\",\"position\":1,\"name\":\"Home\",\"item\":\"https:\/\/www.villagelaceygreen-prevel.ca\/en\/\"},{\"@type\":\"ListItem\",\"position\":2,\"name\":\"Privacy Policy\"}]},{\"@type\":\"WebSite\",\"@id\":\"https:\/\/www.villagelaceygreen-prevel.ca\/fr\/#website\",\"url\":\"https:\/\/www.villagelaceygreen-prevel.ca\/fr\/\",\"name\":\"Village Lacey Green\",\"description\":\"\",\"potentialAction\":[{\"@type\":\"SearchAction\",\"target\":{\"@type\":\"EntryPoint\",\"urlTemplate\":\"https:\/\/www.villagelaceygreen-prevel.ca\/fr\/?s={search_term_string}\"},\"query-input\":{\"@type\":\"PropertyValueSpecification\",\"valueRequired\":true,\"valueName\":\"search_term_string\"}}],\"inLanguage\":\"en-US\"}]}<\/script>\n<!-- \/ Yoast SEO plugin. -->","yoast_head_json":{"title":"Privacy Policy - Village Lacey Green","robots":{"index":"index","follow":"follow","max-snippet":"max-snippet:-1","max-image-preview":"max-image-preview:large","max-video-preview":"max-video-preview:-1"},"canonical":"https:\/\/www.villagelaceygreen-prevel.ca\/en\/privacy-policy\/","og_locale":"en_US","og_type":"article","og_title":"Privacy Policy - Village Lacey Green","og_description":"Privacy Policy Groupe Pr\u00e9vel Last update: 13 septembre 2023 Groupe Pr\u00e9vel Inc. (&#8220;Pr\u00e9vel&#8221;, &#8220;we&#8221;, &#8220;us&#8221;, &#8220;our&#8221;) is committed to taking [&hellip;]","og_url":"https:\/\/www.villagelaceygreen-prevel.ca\/en\/privacy-policy\/","og_site_name":"Village Lacey Green","article_modified_time":"2026-02-12T20:07:33+00:00","twitter_card":"summary_large_image","twitter_misc":{"Est. reading time":"11 minutes"},"schema":{"@context":"https:\/\/schema.org","@graph":[{"@type":"WebPage","@id":"https:\/\/www.villagelaceygreen-prevel.ca\/en\/privacy-policy\/","url":"https:\/\/www.villagelaceygreen-prevel.ca\/en\/privacy-policy\/","name":"Privacy Policy - Village Lacey Green","isPartOf":{"@id":"https:\/\/www.villagelaceygreen-prevel.ca\/fr\/#website"},"datePublished":"2026-02-10T20:37:47+00:00","dateModified":"2026-02-12T20:07:33+00:00","breadcrumb":{"@id":"https:\/\/www.villagelaceygreen-prevel.ca\/en\/privacy-policy\/#breadcrumb"},"inLanguage":"en-US","potentialAction":[{"@type":"ReadAction","target":["https:\/\/www.villagelaceygreen-prevel.ca\/en\/privacy-policy\/"]}]},{"@type":"BreadcrumbList","@id":"https:\/\/www.villagelaceygreen-prevel.ca\/en\/privacy-policy\/#breadcrumb","itemListElement":[{"@type":"ListItem","position":1,"name":"Home","item":"https:\/\/www.villagelaceygreen-prevel.ca\/en\/"},{"@type":"ListItem","position":2,"name":"Privacy Policy"}]},{"@type":"WebSite","@id":"https:\/\/www.villagelaceygreen-prevel.ca\/fr\/#website","url":"https:\/\/www.villagelaceygreen-prevel.ca\/fr\/","name":"Village Lacey Green","description":"","potentialAction":[{"@type":"SearchAction","target":{"@type":"EntryPoint","urlTemplate":"https:\/\/www.villagelaceygreen-prevel.ca\/fr\/?s={search_term_string}"},"query-input":{"@type":"PropertyValueSpecification","valueRequired":true,"valueName":"search_term_string"}}],"inLanguage":"en-US"}]}},"_links":{"self":[{"href":"https:\/\/www.villagelaceygreen-prevel.ca\/en\/wp-json\/wp\/v2\/pages\/883","targetHints":{"allow":["GET"]}}],"collection":[{"href":"https:\/\/www.villagelaceygreen-prevel.ca\/en\/wp-json\/wp\/v2\/pages"}],"about":[{"href":"https:\/\/www.villagelaceygreen-prevel.ca\/en\/wp-json\/wp\/v2\/types\/page"}],"author":[{"embeddable":true,"href":"https:\/\/www.villagelaceygreen-prevel.ca\/en\/wp-json\/wp\/v2\/users\/1"}],"replies":[{"embeddable":true,"href":"https:\/\/www.villagelaceygreen-prevel.ca\/en\/wp-json\/wp\/v2\/comments?post=883"}],"version-history":[{"count":0,"href":"https:\/\/www.villagelaceygreen-prevel.ca\/en\/wp-json\/wp\/v2\/pages\/883\/revisions"}],"wp:attachment":[{"href":"https:\/\/www.villagelaceygreen-prevel.ca\/en\/wp-json\/wp\/v2\/media?parent=883"}],"curies":[{"name":"wp","href":"https:\/\/api.w.org\/{rel}","templated":true}]}}